{"id":39,"date":"2024-12-06T17:46:57","date_gmt":"2024-12-06T17:46:57","guid":{"rendered":"http:\/\/enequilibrio.org\/home\/"},"modified":"2024-12-24T13:14:17","modified_gmt":"2024-12-24T13:14:17","slug":"home","status":"publish","type":"page","link":"https:\/\/enequilibrio.org\/","title":{"rendered":"Inicio"},"content":{"rendered":"\n\n\n\n<h5>\u00abLa verdadera transformaci\u00f3n comienza cuando decides ser el arquitecto de tu propia paz.\u00bb &#8211; Thich Nhat Hanh<\/h5>\n\n\n<h5>\n<\/h5><h5><strong>Convertimos tu lucha contra el estr\u00e9s<\/strong> <span style=\"color: #20AD96; font-weight: 400; \"><strong>en un viaje de autodescubrimiento<\/strong><\/span>, <strong>restaurando tu equilibrio y poder personal. <\/strong> <\/h5>\n\n\n\n\n<p>Una experiencia transformadora dise\u00f1ada para ayudarte a comprender, abordar y transformar el estr\u00e9s en una herramienta de crecimiento personal. <\/p>\n\n\n\n\n<p>Un viaje de autoconocimiento y transformaci\u00f3n personal que te permite comprender, gestionar y optimizar tus emociones. <\/p>\n\n\n\n\n<p>Potencia tu comunicaci\u00f3n y mejora tus relaciones personales y profesionales. Expresa tus ideas y emociones de manera clara, respetuosa y firme.<\/p>\n\n\n\n\n\n\n\n\n<h2><span style=\"color: rgb(32, 173, 150);\">\u00bfQui\u00e9nes<\/span> somos?<\/h2>\n\n\n\n\n\nInstructor certificado de Meditaci\u00f3n por el Centro Chopra para el Bienestar&nbsp;\n\n\n\n\n\n\n\n\n\n\n\n\nPsic\u00f3logo \/ Formador en desarrollo personal\n\n\n\n\n\n\n\n\n\n\n\n\n\n<p>Lorem Ipsum has been the industry&#8217;s standard dummy text ever since the 1500s.<\/p>\n\n\n\n\n\n\n<h3>Principios b\u00e1sicos <span style=\"color: #20AD96; font-weight: 400; \">Para vivir en armon\u00eda<br><\/span><\/h3>\n\n\n<p>El estr\u00e9s cr\u00f3nico no tiene lugar en una vida equilibrada y saludable. Aunque puede surgir en momentos de alta tensi\u00f3n, es crucial que no se convierta en una constante en tu vida. Te ofrecemos estrategias efectivas y t\u00e9cnicas comprobadas para manejar el estr\u00e9s y fomentar una vida en armon\u00eda. Descubre c\u00f3mo puedes vivir sin estr\u00e9s, mejorar tu bienestar y alcanzar una tranquilidad duradera.<\/p>\n\n\n\n\n<h2>+30 a\u00f1os<\/h2>\n\n\n<h4>fomentando una vida en armon\u00eda<br><\/h4>\n\n\n\n\n\n\n<div class=\"wp-block-uagb-container uagb-block-f230a5a4 alignfull uagb-is-root-container\"><div class=\"uagb-container-inner-blocks-wrap\">\n<div style=\"padding:20px\" class=\"wp-block-tnp-minimal\"><p>\u00bfQuieres recibir informaci\u00f3n sobre c\u00f3mo vivir en equilibrio?<\/p><div><div class=\"tnp tnp-subscription \">\n<form method=\"post\" action=\"https:\/\/enequilibrio.org\/wp-admin\/admin-ajax.php?action=tnp&amp;na=s\">\n<input type=\"hidden\" name=\"nlang\" value=\"\">\n<div class=\"tnp-field tnp-field-firstname\"><label for=\"tnp-1\">Nombre<\/label>\n<input class=\"tnp-name\" type=\"text\" name=\"nn\" id=\"tnp-1\" value=\"\" placeholder=\"\" required><\/div>\n<div class=\"tnp-field tnp-field-email\"><label for=\"tnp-2\">Correo electr\u00f3nico<\/label>\n<input class=\"tnp-email\" type=\"email\" name=\"ne\" id=\"tnp-2\" value=\"\" placeholder=\"\" required><\/div>\n<div class=\"tnp-field tnp-field-button\" style=\"text-align: left\"><input class=\"tnp-submit\" type=\"submit\" value=\"Forma parte de nuestra comunidad\" style=\"\">\n<\/div>\n<\/form>\n<\/div>\n<\/div><\/div>\n<\/div><\/div>\n\n<p><\/p>\n","protected":false},"excerpt":{"rendered":"","protected":false},"author":1,"featured_media":0,"parent":0,"menu_order":0,"comment_status":"closed","ping_status":"closed","template":"","meta":{"pagelayer_contact_templates":[],"_pagelayer_content":"","_uag_custom_page_level_css":"","footnotes":""},"class_list":["post-39","page","type-page","status-publish","hentry"],"uagb_featured_image_src":{"full":false,"thumbnail":false,"medium":false,"medium_large":false,"large":false,"1536x1536":false,"2048x2048":false},"uagb_author_info":{"display_name":"Ricardo Ranalli Jimenez","author_link":"https:\/\/enequilibrio.org\/?author=1"},"uagb_comment_info":0,"uagb_excerpt":null,"_links":{"self":[{"href":"https:\/\/enequilibrio.org\/index.php?rest_route=\/wp\/v2\/pages\/39","targetHints":{"allow":["GET"]}}],"collection":[{"href":"https:\/\/enequilibrio.org\/index.php?rest_route=\/wp\/v2\/pages"}],"about":[{"href":"https:\/\/enequilibrio.org\/index.php?rest_route=\/wp\/v2\/types\/page"}],"author":[{"embeddable":true,"href":"https:\/\/enequilibrio.org\/index.php?rest_route=\/wp\/v2\/users\/1"}],"replies":[{"embeddable":true,"href":"https:\/\/enequilibrio.org\/index.php?rest_route=%2Fwp%2Fv2%2Fcomments&post=39"}],"version-history":[{"count":38,"href":"https:\/\/enequilibrio.org\/index.php?rest_route=\/wp\/v2\/pages\/39\/revisions"}],"predecessor-version":[{"id":311,"href":"https:\/\/enequilibrio.org\/index.php?rest_route=\/wp\/v2\/pages\/39\/revisions\/311"}],"wp:attachment":[{"href":"https:\/\/enequilibrio.org\/index.php?rest_route=%2Fwp%2Fv2%2Fmedia&parent=39"}],"curies":[{"name":"wp","href":"https:\/\/api.w.org\/{rel}","templated":true}]}}